{"id":913,"date":"2025-01-04T20:05:25","date_gmt":"2025-01-04T20:05:25","guid":{"rendered":"https:\/\/encontreseupresente.com.br\/?page_id=913"},"modified":"2025-03-18T22:33:31","modified_gmt":"2025-03-19T01:33:31","slug":"contato","status":"publish","type":"page","link":"https:\/\/encontreseupresente.com.br\/en\/contato\/","title":{"rendered":"Contato"},"content":{"rendered":"<p><strong>Adoramos ouvir voc\u00ea!<\/strong>&nbsp;Entre em <a href=\"https:\/\/synonyms.reverso.net\/dicionario-sinonimos\/pt\/fazer+contato\" target=\"_blank\" data-type=\"link\" data-id=\"https:\/\/synonyms.reverso.net\/dicionario-sinonimos\/pt\/fazer+contato\" rel=\"noreferrer noopener\">Contato<\/a> agora mesmo!<\/p>\n\n\n\n<p>Seja para compartilhar uma <strong>hist\u00f3ria engra\u00e7ada<\/strong> sobre presentes, <strong>sugerir um tema<\/strong> que gostaria de ver por aqui ou simplesmente <strong>dizer um &#8216;oi&#8217;<\/strong>, estamos sempre de portas abertas. <\/p>\n\n\n\n<p>Mande sua mensagem e prometemos responder com <strong>o mesmo carinho<\/strong> que dedicamos a cada dica de presente. <\/p>\n\n\n\n<p>Afinal, <strong>presentear \u00e9 sobre conex\u00f5es<\/strong>, e queremos nos conectar com voc\u00ea!<\/p>\n\n\n\n<p>Veja tamb\u00e9m nossos <strong><a href=\"https:\/\/encontreseupresente.com.br\/en\/termos-e-uso\/\" target=\"_blank\" data-type=\"link\" data-id=\"https:\/\/encontreseupresente.com.br\/termos-e-uso\/\" rel=\"noreferrer noopener\">Termos de Uso<\/a><\/strong>.<\/p>","protected":false},"excerpt":{"rendered":"<p>Sugest\u00f5es ou Reclama\u00e7\u00f5es, entre em contato.<\/p>","protected":false},"author":2,"featured_media":1700,"parent":0,"menu_order":0,"comment_status":"closed","ping_status":"closed","template":"","meta":{"colormag_page_container_layout":"default_layout","colormag_page_sidebar_layout":"default_layout","googlesitekit_rrm_CAownL7aCw:productID":"","footnotes":""},"class_list":["post-913","page","type-page","status-publish","has-post-thumbnail","hentry"],"magazineBlocksPostFeaturedMedia":{"thumbnail":"https:\/\/encontreseupresente.com.br\/wp-content\/uploads\/2025\/03\/Entre-em-contato-150x150.png","medium":"https:\/\/encontreseupresente.com.br\/wp-content\/uploads\/2025\/03\/Entre-em-contato-300x169.png","medium_large":"https:\/\/encontreseupresente.com.br\/wp-content\/uploads\/2025\/03\/Entre-em-contato-768x432.png","large":"https:\/\/encontreseupresente.com.br\/wp-content\/uploads\/2025\/03\/Entre-em-contato.png","1536x1536":"https:\/\/encontreseupresente.com.br\/wp-content\/uploads\/2025\/03\/Entre-em-contato.png","2048x2048":"https:\/\/encontreseupresente.com.br\/wp-content\/uploads\/2025\/03\/Entre-em-contato.png","trp-custom-language-flag":"https:\/\/encontreseupresente.com.br\/wp-content\/uploads\/2025\/03\/Entre-em-contato-18x10.png","colormag-highlighted-post":"https:\/\/encontreseupresente.com.br\/wp-content\/uploads\/2025\/03\/Entre-em-contato-392x272.png","colormag-featured-post-medium":"https:\/\/encontreseupresente.com.br\/wp-content\/uploads\/2025\/03\/Entre-em-contato-390x205.png","colormag-featured-post-small":"https:\/\/encontreseupresente.com.br\/wp-content\/uploads\/2025\/03\/Entre-em-contato-130x90.png","colormag-featured-image":"https:\/\/encontreseupresente.com.br\/wp-content\/uploads\/2025\/03\/Entre-em-contato-800x445.png","colormag-default-news":"https:\/\/encontreseupresente.com.br\/wp-content\/uploads\/2025\/03\/Entre-em-contato-150x150.png","colormag-featured-image-large":"https:\/\/encontreseupresente.com.br\/wp-content\/uploads\/2025\/03\/Entre-em-contato.png","web-stories-poster-portrait":"https:\/\/encontreseupresente.com.br\/wp-content\/uploads\/2025\/03\/Entre-em-contato.png","web-stories-publisher-logo":"https:\/\/encontreseupresente.com.br\/wp-content\/uploads\/2025\/03\/Entre-em-contato.png","web-stories-thumbnail":"https:\/\/encontreseupresente.com.br\/wp-content\/uploads\/2025\/03\/Entre-em-contato.png"},"magazineBlocksPostAuthor":{"name":"Mariah Almeida","avatar":"https:\/\/encontreseupresente.com.br\/wp-content\/litespeed\/avatar\/53e7d7b4073a83c8c608ed903def6647.jpg?ver=1776726692"},"magazineBlocksPostCommentsNumber":false,"magazineBlocksPostExcerpt":"Sugest\u00f5es ou Reclama\u00e7\u00f5es, entre em contato.","magazineBlocksPostCategories":[],"magazineBlocksPostViewCount":0,"magazineBlocksPostReadTime":1,"post_mailing_queue_ids":[],"_links":{"self":[{"href":"https:\/\/encontreseupresente.com.br\/en\/wp-json\/wp\/v2\/pages\/913","targetHints":{"allow":["GET"]}}],"collection":[{"href":"https:\/\/encontreseupresente.com.br\/en\/wp-json\/wp\/v2\/pages"}],"about":[{"href":"https:\/\/encontreseupresente.com.br\/en\/wp-json\/wp\/v2\/types\/page"}],"author":[{"embeddable":true,"href":"https:\/\/encontreseupresente.com.br\/en\/wp-json\/wp\/v2\/users\/2"}],"replies":[{"embeddable":true,"href":"https:\/\/encontreseupresente.com.br\/en\/wp-json\/wp\/v2\/comments?post=913"}],"version-history":[{"count":6,"href":"https:\/\/encontreseupresente.com.br\/en\/wp-json\/wp\/v2\/pages\/913\/revisions"}],"predecessor-version":[{"id":2731,"href":"https:\/\/encontreseupresente.com.br\/en\/wp-json\/wp\/v2\/pages\/913\/revisions\/2731"}],"wp:featuredmedia":[{"embeddable":true,"href":"https:\/\/encontreseupresente.com.br\/en\/wp-json\/wp\/v2\/media\/1700"}],"wp:attachment":[{"href":"https:\/\/encontreseupresente.com.br\/en\/wp-json\/wp\/v2\/media?parent=913"}],"curies":[{"name":"wp","href":"https:\/\/api.w.org\/{rel}","templated":true}]}}